{"id":368,"date":"2025-02-28T12:48:47","date_gmt":"2025-02-28T12:48:47","guid":{"rendered":"https:\/\/aviatica.ca\/?page_id=368"},"modified":"2026-04-10T07:08:51","modified_gmt":"2026-04-10T07:08:51","slug":"sports-travel","status":"publish","type":"page","link":"https:\/\/aviatica.ca\/fr\/sports-travel\/","title":{"rendered":"Voyage sportif"},"content":{"rendered":"<div data-elementor-type=\"wp-page\" data-elementor-id=\"368\" class=\"elementor elementor-368\" data-elementor-post-type=\"page\">\n\t\t\t\t<div class=\"elementor-element elementor-element-2d912cf e-con-full e-flex e-con e-parent\" data-id=\"2d912cf\" data-element_type=\"container\" data-e-type=\"container\" data-settings=\"{&quot;background_background&quot;:&quot;classic&quot;}\">\n\t\t\t\t<div class=\"elementor-element elementor-element-8b4a583 elementor-widget elementor-widget-heading\" data-id=\"8b4a583\" data-element_type=\"widget\" data-e-type=\"widget\" data-widget_type=\"heading.default\">\n\t\t\t\t<div class=\"elementor-widget-container\">\n\t\t\t\t\t<h2 class=\"elementor-heading-title elementor-size-default\">VOYAGES SPORTIFS<\/h2>\t\t\t\t<\/div>\n\t\t\t\t<\/div>\n\t\t\t\t<div class=\"elementor-element elementor-element-8206d48 elementor-widget elementor-widget-hfe-breadcrumbs-widget\" data-id=\"8206d48\" data-element_type=\"widget\" data-e-type=\"widget\" data-widget_type=\"hfe-breadcrumbs-widget.default\">\n\t\t\t\t<div class=\"elementor-widget-container\">\n\t\t\t\t\t<nav aria-label=\"Breadcrumb\"><ul class=\"hfe-breadcrumbs hfe-breadcrumbs-show-home\"><li class=\"hfe-breadcrumbs-item hfe-breadcrumbs-first\"><span class=\"hfe-breadcrumbs-home-icon\"><svg aria-hidden=\"true\" class=\"e-font-icon-svg e-fas-home\" viewbox=\"0 0 576 512\" xmlns=\"http:\/\/www.w3.org\/2000\/svg\"><path d=\"M280.37 148.26L96 300.11V464a16 16 0 0 0 16 16l112.06-.29a16 16 0 0 0 15.92-16V368a16 16 0 0 1 16-16h64a16 16 0 0 1 16 16v95.64a16 16 0 0 0 16 16.05L464 480a16 16 0 0 0 16-16V300L295.67 148.26a12.19 12.19 0 0 0-15.3 0zM571.6 251.47L488 182.56V44.05a12 12 0 0 0-12-12h-56a12 12 0 0 0-12 12v72.61L318.47 43a48 48 0 0 0-61 0L4.34 251.47a12 12 0 0 0-1.6 16.9l25.5 31A12 12 0 0 0 45.15 301l235.22-193.74a12.19 12.19 0 0 1 15.3 0L530.9 301a12 12 0 0 0 16.9-1.6l25.5-31a12 12 0 0 0-1.7-16.93z\"><\/path><\/svg><\/span><a href=\"https:\/\/aviatica.ca\/fr\"><span class=\"hfe-breadcrumbs-text\">Maison<\/span><\/a><\/li><\/ul><\/nav>\t\t\t\t<\/div>\n\t\t\t\t<\/div>\n\t\t\t\t<\/div>\n\t\t<div class=\"elementor-element elementor-element-2d7779f e-flex e-con-boxed e-con e-parent\" data-id=\"2d7779f\" data-element_type=\"container\" data-e-type=\"container\">\n\t\t\t\t\t<div class=\"e-con-inner\">\n\t\t<div class=\"elementor-element elementor-element-2ff82f6 e-con-full e-flex e-con e-child\" data-id=\"2ff82f6\" data-element_type=\"container\" data-e-type=\"container\">\n\t\t\t\t<div class=\"elementor-element elementor-element-f889c8a elementor-widget elementor-widget-image\" data-id=\"f889c8a\" data-element_type=\"widget\" data-e-type=\"widget\" data-widget_type=\"image.default\">\n\t\t\t\t<div class=\"elementor-widget-container\">\n\t\t\t\t\t\t\t\t\t\t\t\t\t\t\t<img fetchpriority=\"high\" decoding=\"async\" width=\"1024\" height=\"927\" src=\"https:\/\/aviatica.ca\/wp-content\/uploads\/2025\/10\/WhatsApp-Image-2025-10-13-at-23.36.03_f9550e18-e1775804757642.jpg\" class=\"attachment-full size-full wp-image-1282\" alt=\"sports travel\" srcset=\"https:\/\/aviatica.ca\/wp-content\/uploads\/2025\/10\/WhatsApp-Image-2025-10-13-at-23.36.03_f9550e18-e1775804757642.jpg 1024w, https:\/\/aviatica.ca\/wp-content\/uploads\/2025\/10\/WhatsApp-Image-2025-10-13-at-23.36.03_f9550e18-e1775804757642-300x272.jpg 300w, https:\/\/aviatica.ca\/wp-content\/uploads\/2025\/10\/WhatsApp-Image-2025-10-13-at-23.36.03_f9550e18-e1775804757642-768x695.jpg 768w, https:\/\/aviatica.ca\/wp-content\/uploads\/2025\/10\/WhatsApp-Image-2025-10-13-at-23.36.03_f9550e18-e1775804757642-13x12.jpg 13w\" sizes=\"(max-width: 1024px) 100vw, 1024px\" \/>\t\t\t\t\t\t\t\t\t\t\t\t\t\t\t<\/div>\n\t\t\t\t<\/div>\n\t\t\t\t<\/div>\n\t\t<div class=\"elementor-element elementor-element-8b90731 e-con-full e-flex e-con e-child\" data-id=\"8b90731\" data-element_type=\"container\" data-e-type=\"container\">\n\t\t\t\t<div class=\"elementor-element elementor-element-6e2d1e6 elementor-widget elementor-widget-text-editor\" data-id=\"6e2d1e6\" data-element_type=\"widget\" data-e-type=\"widget\" data-widget_type=\"text-editor.default\">\n\t\t\t\t<div class=\"elementor-widget-container\">\n\t\t\t\t\t\t\t\t\t<h3 data-start=\"0\" data-end=\"37\">L\u2019importance des voyages sportifs<\/h3><p data-start=\"39\" data-end=\"194\">Aviatica Solutions\u00a0understands the critical role that well-managed sports travel plays in enhancing performance, efficiency, and overall team success.<\/p><ul data-start=\"196\" data-end=\"1271\"><li data-start=\"196\" data-end=\"353\"><strong data-start=\"198\" data-end=\"220\">Cost Optimization:<\/strong> La gestion strat\u00e9gique des voyages sportifs aide les clubs \u00e0 maximiser leurs budgets, leur permettant d\u2019allouer les ressources l\u00e0 o\u00f9 elles comptent le plus.<\/li><li data-start=\"354\" data-end=\"508\"><strong data-start=\"356\" data-end=\"386\">Enhanced Safety &amp; Support:<\/strong> Nos solutions de voyage compl\u00e8tes donnent la priorit\u00e9 \u00e0 la s\u00e9curit\u00e9 des athl\u00e8tes, avec une assistance 24h\/24 et 7j\/7 pour faire face \u00e0 tout d\u00e9fi inattendu.<\/li><li data-start=\"509\" data-end=\"665\"><strong data-start=\"511\" data-end=\"534\">Tailored Schedules:<\/strong> Les plans de voyage personnalis\u00e9s sont con\u00e7us pour s'adapter parfaitement aux s\u00e9ances d'entra\u00eenement, aux p\u00e9riodes de repos, aux conf\u00e9rences de presse et aux jours de match.<\/li><\/ul>\t\t\t\t\t\t\t\t<\/div>\n\t\t\t\t<\/div>\n\t\t\t\t<\/div>\n\t\t\t\t\t<\/div>\n\t\t\t\t<\/div>\n\t\t<div class=\"elementor-element elementor-element-a5cf083 e-flex e-con-boxed e-con e-parent\" data-id=\"a5cf083\" data-element_type=\"container\" data-e-type=\"container\">\n\t\t\t\t\t<div class=\"e-con-inner\">\n\t\t\t\t<div class=\"elementor-element elementor-element-1b0093f elementor-widget elementor-widget-text-editor\" data-id=\"1b0093f\" data-element_type=\"widget\" data-e-type=\"widget\" data-widget_type=\"text-editor.default\">\n\t\t\t\t<div class=\"elementor-widget-container\">\n\t\t\t\t\t\t\t\t\t<ul data-start=\"196\" data-end=\"1271\"><li data-start=\"666\" data-end=\"828\"><strong data-start=\"668\" data-end=\"695\">Soins de sant\u00e9 et de bien-\u00eatre\u00a0:<\/strong> Des plans de repas ax\u00e9s sur la nutrition et des ressources de r\u00e9cup\u00e9ration sp\u00e9cialis\u00e9es garantissent que les athl\u00e8tes restent en pleine forme tout au long de leur parcours.<\/li><li data-start=\"829\" data-end=\"1069\"><strong data-start=\"831\" data-end=\"848\">VIP Services:<\/strong> Faites l'exp\u00e9rience d'un enregistrement fluide dans un terminal priv\u00e9, d'une autorisation de s\u00e9curit\u00e9 d\u00e9di\u00e9e et d'un acc\u00e8s \u00e0 des salons exclusifs avec des rafra\u00eechissements gastronomiques avant l'embarquement. \u00c0 votre arriv\u00e9e, un transport terrestre VIP sera pr\u00eat et vous attendra.<\/li><li data-start=\"1070\" data-end=\"1271\"><strong data-start=\"1072\" data-end=\"1097\">Services de jets priv\u00e9s\u00a0:<\/strong> Au-del\u00e0 des voyages d'\u00e9quipe, nos sp\u00e9cialistes en jet priv\u00e9 sont disponibles pour organiser des vols pour les joueurs confront\u00e9s \u00e0 des n\u00e9gociations de transfert de derni\u00e8re minute, \u00e0 des examens m\u00e9dicaux ou \u00e0 des engagements personnels.<\/li><\/ul>\t\t\t\t\t\t\t\t<\/div>\n\t\t\t\t<\/div>\n\t\t\t\t\t<\/div>\n\t\t\t\t<\/div>\n\t\t<div class=\"elementor-element elementor-element-279dd0c e-flex e-con-boxed e-con e-parent\" data-id=\"279dd0c\" data-element_type=\"container\" data-e-type=\"container\">\n\t\t\t\t\t<div class=\"e-con-inner\">\n\t\t<div class=\"elementor-element elementor-element-d581ea3 e-con-full e-flex e-con e-child\" data-id=\"d581ea3\" data-element_type=\"container\" data-e-type=\"container\">\n\t\t\t\t<div class=\"elementor-element elementor-element-791aa3a elementor-widget elementor-widget-text-editor\" data-id=\"791aa3a\" data-element_type=\"widget\" data-e-type=\"widget\" data-widget_type=\"text-editor.default\">\n\t\t\t\t<div class=\"elementor-widget-container\">\n\t\t\t\t\t\t\t\t\t<h3 data-start=\"0\" data-end=\"51\">Voyages pour les clubs et organisations sportives d\u2019\u00e9lite<\/h3><p data-start=\"53\" data-end=\"217\">Aviatica Soutions\u00a0has been a trusted partner in sports charters, leveraging its strong market presence and industry expertise since its establishment in 2006.<\/p><p data-start=\"219\" data-end=\"529\">Our team collaborates closely with operators worldwide to ensure that the specific travel needs of sports teams and individual athletes are met at the highest standards. We take care of every detail, from seat comfort and meal preparation to timing precision, luggage capacity, and onboard amenities.<\/p><p data-start=\"531\" data-end=\"826\" data-is-last-node=\"\" data-is-only-node=\"\">Whether you need an aircraft to transport your team and equipment to a fixture, tournament, or training camp, or require a last-minute private jet charter for a player to finalize a contract, Aviatica Solutions\u00a0responds swiftly and strategically to deliver the best charter solutions.<\/p>\t\t\t\t\t\t\t\t<\/div>\n\t\t\t\t<\/div>\n\t\t\t\t<\/div>\n\t\t<div class=\"elementor-element elementor-element-b3b0d2d e-con-full e-flex e-con e-child\" data-id=\"b3b0d2d\" data-element_type=\"container\" data-e-type=\"container\">\n\t\t\t\t<div class=\"elementor-element elementor-element-e39ef3e elementor-widget elementor-widget-image\" data-id=\"e39ef3e\" data-element_type=\"widget\" data-e-type=\"widget\" data-widget_type=\"image.default\">\n\t\t\t\t<div class=\"elementor-widget-container\">\n\t\t\t\t\t\t\t\t\t\t\t\t\t\t\t<img decoding=\"async\" width=\"1024\" height=\"850\" src=\"https:\/\/aviatica.ca\/wp-content\/uploads\/2025\/03\/2020-11-23-1-1024x850.jpg\" class=\"attachment-large size-large wp-image-441\" alt=\"Best airplane maintenance companies\" srcset=\"https:\/\/aviatica.ca\/wp-content\/uploads\/2025\/03\/2020-11-23-1-1024x850.jpg 1024w, https:\/\/aviatica.ca\/wp-content\/uploads\/2025\/03\/2020-11-23-1-300x249.jpg 300w, https:\/\/aviatica.ca\/wp-content\/uploads\/2025\/03\/2020-11-23-1-768x637.jpg 768w, https:\/\/aviatica.ca\/wp-content\/uploads\/2025\/03\/2020-11-23-1-1536x1274.jpg 1536w, https:\/\/aviatica.ca\/wp-content\/uploads\/2025\/03\/2020-11-23-1-2048x1699.jpg 2048w\" sizes=\"(max-width: 1024px) 100vw, 1024px\" \/>\t\t\t\t\t\t\t\t\t\t\t\t\t\t\t<\/div>\n\t\t\t\t<\/div>\n\t\t\t\t<\/div>\n\t\t\t\t\t<\/div>\n\t\t\t\t<\/div>\n\t\t<div class=\"elementor-element elementor-element-5bee3f6 e-flex e-con-boxed e-con e-parent\" data-id=\"5bee3f6\" data-element_type=\"container\" data-e-type=\"container\">\n\t\t\t\t\t<div class=\"e-con-inner\">\n\t\t\t\t<div class=\"elementor-element elementor-element-5ed6774 elementor-widget elementor-widget-heading\" data-id=\"5ed6774\" data-element_type=\"widget\" data-e-type=\"widget\" data-widget_type=\"heading.default\">\n\t\t\t\t<div class=\"elementor-widget-container\">\n\t\t\t\t\t<h2 class=\"elementor-heading-title elementor-size-default\">ENTRER EN CONTACT<\/h2>\t\t\t\t<\/div>\n\t\t\t\t<\/div>\n\t\t\t\t<div class=\"elementor-element elementor-element-2f884c5 elementor-align-center elementor-icon-list--layout-inline elementor-widget__width-initial elementor-list-item-link-full_width elementor-widget elementor-widget-icon-list\" data-id=\"2f884c5\" data-element_type=\"widget\" data-e-type=\"widget\" data-widget_type=\"icon-list.default\">\n\t\t\t\t<div class=\"elementor-widget-container\">\n\t\t\t\t\t\t\t<ul class=\"elementor-icon-list-items elementor-inline-items\">\n\t\t\t\t\t\t\t<li class=\"elementor-icon-list-item elementor-inline-item\">\n\t\t\t\t\t\t\t\t\t\t\t<a href=\"tel:4185594443\">\n\n\t\t\t\t\t\t\t\t\t\t\t\t<span class=\"elementor-icon-list-icon\">\n\t\t\t\t\t\t\t<svg aria-hidden=\"true\" class=\"e-font-icon-svg e-fas-phone-alt\" viewbox=\"0 0 512 512\" xmlns=\"http:\/\/www.w3.org\/2000\/svg\"><path d=\"M497.39 361.8l-112-48a24 24 0 0 0-28 6.9l-49.6 60.6A370.66 370.66 0 0 1 130.6 204.11l60.6-49.6a23.94 23.94 0 0 0 6.9-28l-48-112A24.16 24.16 0 0 0 122.6.61l-104 24A24 24 0 0 0 0 48c0 256.5 207.9 464 464 464a24 24 0 0 0 23.4-18.6l24-104a24.29 24.29 0 0 0-14.01-27.6z\"><\/path><\/svg>\t\t\t\t\t\t<\/span>\n\t\t\t\t\t\t\t\t\t\t<span class=\"elementor-icon-list-text\">4185594443<\/span>\n\t\t\t\t\t\t\t\t\t\t\t<\/a>\n\t\t\t\t\t\t\t\t\t<\/li>\n\t\t\t\t\t\t\t\t<li class=\"elementor-icon-list-item elementor-inline-item\">\n\t\t\t\t\t\t\t\t\t\t\t<a href=\"tel:5818991144\">\n\n\t\t\t\t\t\t\t\t\t\t\t\t<span class=\"elementor-icon-list-icon\">\n\t\t\t\t\t\t\t<svg aria-hidden=\"true\" class=\"e-font-icon-svg e-fas-phone-alt\" viewbox=\"0 0 512 512\" xmlns=\"http:\/\/www.w3.org\/2000\/svg\"><path d=\"M497.39 361.8l-112-48a24 24 0 0 0-28 6.9l-49.6 60.6A370.66 370.66 0 0 1 130.6 204.11l60.6-49.6a23.94 23.94 0 0 0 6.9-28l-48-112A24.16 24.16 0 0 0 122.6.61l-104 24A24 24 0 0 0 0 48c0 256.5 207.9 464 464 464a24 24 0 0 0 23.4-18.6l24-104a24.29 24.29 0 0 0-14.01-27.6z\"><\/path><\/svg>\t\t\t\t\t\t<\/span>\n\t\t\t\t\t\t\t\t\t\t<span class=\"elementor-icon-list-text\">5818991144<\/span>\n\t\t\t\t\t\t\t\t\t\t\t<\/a>\n\t\t\t\t\t\t\t\t\t<\/li>\n\t\t\t\t\t\t\t\t<li class=\"elementor-icon-list-item elementor-inline-item\">\n\t\t\t\t\t\t\t\t\t\t\t<a href=\"mailto:sales@avaitica.ca\">\n\n\t\t\t\t\t\t\t\t\t\t\t\t<span class=\"elementor-icon-list-icon\">\n\t\t\t\t\t\t\t<svg aria-hidden=\"true\" class=\"e-font-icon-svg e-fas-envelope\" viewbox=\"0 0 512 512\" xmlns=\"http:\/\/www.w3.org\/2000\/svg\"><path d=\"M502.3 190.8c3.9-3.1 9.7-.2 9.7 4.7V400c0 26.5-21.5 48-48 48H48c-26.5 0-48-21.5-48-48V195.6c0-5 5.7-7.8 9.7-4.7 22.4 17.4 52.1 39.5 154.1 113.6 21.1 15.4 56.7 47.8 92.2 47.6 35.7.3 72-32.8 92.3-47.6 102-74.1 131.6-96.3 154-113.7zM256 320c23.2.4 56.6-29.2 73.4-41.4 132.7-96.3 142.8-104.7 173.4-128.7 5.8-4.5 9.2-11.5 9.2-18.9v-19c0-26.5-21.5-48-48-48H48C21.5 64 0 85.5 0 112v19c0 7.4 3.4 14.3 9.2 18.9 30.6 23.9 40.7 32.4 173.4 128.7 16.8 12.2 50.2 41.8 73.4 41.4z\"><\/path><\/svg>\t\t\t\t\t\t<\/span>\n\t\t\t\t\t\t\t\t\t\t<span class=\"elementor-icon-list-text\">sales@avaitica.ca<\/span>\n\t\t\t\t\t\t\t\t\t\t\t<\/a>\n\t\t\t\t\t\t\t\t\t<\/li>\n\t\t\t\t\t\t<\/ul>\n\t\t\t\t\t\t<\/div>\n\t\t\t\t<\/div>\n\t\t\t\t\t<\/div>\n\t\t\t\t<\/div>\n\t\t\t\t<\/div>","protected":false},"excerpt":{"rendered":"<p>SPORTS TRAVEL Home The Importance of Sports Travel Aviatica Solutions\u00a0understands the critical role that well-managed sports travel plays in enhancing [&hellip;]<\/p>\n","protected":false},"author":1,"featured_media":0,"parent":0,"menu_order":0,"comment_status":"closed","ping_status":"closed","template":"","meta":{"site-sidebar-layout":"no-sidebar","site-content-layout":"","ast-site-content-layout":"full-width-container","site-content-style":"default","site-sidebar-style":"default","ast-global-header-display":"","ast-banner-title-visibility":"","ast-main-header-display":"","ast-hfb-above-header-display":"","ast-hfb-below-header-display":"","ast-hfb-mobile-header-display":"","site-post-title":"disabled","ast-breadcrumbs-content":"","ast-featured-img":"disabled","footer-sml-layout":"","ast-disable-related-posts":"","theme-transparent-header-meta":"default","adv-header-id-meta":"","stick-header-meta":"","header-above-stick-meta":"","header-main-stick-meta":"","header-below-stick-meta":"","astra-migrate-meta-layouts":"set","ast-page-background-enabled":"default","ast-page-background-meta":{"desktop":{"background-color":"var(--ast-global-color-5)","background-image":"","background-repeat":"repeat","background-position":"center center","background-size":"auto","background-attachment":"scroll","background-type":"","background-media":"","overlay-type":"","overlay-color":"","overlay-opacity":"","overlay-gradient":""},"tablet":{"background-color":"","background-image":"","background-repeat":"repeat","background-position":"center center","background-size":"auto","background-attachment":"scroll","background-type":"","background-media":"","overlay-type":"","overlay-color":"","overlay-opacity":"","overlay-gradient":""},"mobile":{"background-color":"","background-image":"","background-repeat":"repeat","background-position":"center center","background-size":"auto","background-attachment":"scroll","background-type":"","background-media":"","overlay-type":"","overlay-color":"","overlay-opacity":"","overlay-gradient":""}},"ast-content-background-meta":{"desktop":{"background-color":"var(--ast-global-color-4)","background-image":"","background-repeat":"repeat","background-position":"center center","background-size":"auto","background-attachment":"scroll","background-type":"","background-media":"","overlay-type":"","overlay-color":"","overlay-opacity":"","overlay-gradient":""},"tablet":{"background-color":"var(--ast-global-color-4)","background-image":"","background-repeat":"repeat","background-position":"center center","background-size":"auto","background-attachment":"scroll","background-type":"","background-media":"","overlay-type":"","overlay-color":"","overlay-opacity":"","overlay-gradient":""},"mobile":{"background-color":"var(--ast-global-color-4)","background-image":"","background-repeat":"repeat","background-position":"center center","background-size":"auto","background-attachment":"scroll","background-type":"","background-media":"","overlay-type":"","overlay-color":"","overlay-opacity":"","overlay-gradient":""}},"footnotes":""},"class_list":["post-368","page","type-page","status-publish","hentry"],"yoast_head":"<!-- This site is optimized with the Yoast SEO plugin v27.5 - https:\/\/yoast.com\/product\/yoast-seo-wordpress\/ -->\n<title>Sports Travel Management and Cost Optimization | Aviatica<\/title>\n<meta name=\"description\" content=\"Aviatica Aviation offers expert sports travel management, optimizing costs and efficiency to enhance team performance and overall success.\" \/>\n<meta name=\"robots\" content=\"index, follow, max-snippet:-1, max-image-preview:large, max-video-preview:-1\" \/>\n<link rel=\"canonical\" href=\"https:\/\/aviatica.ca\/fr\/sports-travel\/\" \/>\n<meta property=\"og:locale\" content=\"fr_FR\" \/>\n<meta property=\"og:type\" content=\"article\" \/>\n<meta property=\"og:title\" content=\"Sports Travel Management and Cost Optimization | Aviatica\" \/>\n<meta property=\"og:description\" content=\"Aviatica Aviation offers expert sports travel management, optimizing costs and efficiency to enhance team performance and overall success.\" \/>\n<meta property=\"og:url\" content=\"https:\/\/aviatica.ca\/fr\/sports-travel\/\" \/>\n<meta property=\"og:site_name\" content=\"Aviatica Solutions\" \/>\n<meta property=\"article:modified_time\" content=\"2026-04-10T07:08:51+00:00\" \/>\n<meta property=\"og:image\" content=\"https:\/\/aviatica.ca\/wp-content\/uploads\/2025\/10\/WhatsApp-Image-2025-10-13-at-23.36.03_f9550e18-e1775804757642.jpg\" \/>\n<meta name=\"twitter:card\" content=\"summary_large_image\" \/>\n<meta name=\"twitter:label1\" content=\"Dur\u00e9e de lecture estim\u00e9e\" \/>\n\t<meta name=\"twitter:data1\" content=\"2 minutes\" \/>\n<script type=\"application\/ld+json\" class=\"yoast-schema-graph\">{\"@context\":\"https:\\\/\\\/schema.org\",\"@graph\":[{\"@type\":\"WebPage\",\"@id\":\"https:\\\/\\\/aviatica.ca\\\/sports-travel\\\/\",\"url\":\"https:\\\/\\\/aviatica.ca\\\/sports-travel\\\/\",\"name\":\"Sports Travel Management and Cost Optimization | Aviatica\",\"isPartOf\":{\"@id\":\"https:\\\/\\\/aviatica.ca\\\/#website\"},\"primaryImageOfPage\":{\"@id\":\"https:\\\/\\\/aviatica.ca\\\/sports-travel\\\/#primaryimage\"},\"image\":{\"@id\":\"https:\\\/\\\/aviatica.ca\\\/sports-travel\\\/#primaryimage\"},\"thumbnailUrl\":\"https:\\\/\\\/aviatica.ca\\\/wp-content\\\/uploads\\\/2025\\\/10\\\/WhatsApp-Image-2025-10-13-at-23.36.03_f9550e18-e1775804757642.jpg\",\"datePublished\":\"2025-02-28T12:48:47+00:00\",\"dateModified\":\"2026-04-10T07:08:51+00:00\",\"description\":\"Aviatica Aviation offers expert sports travel management, optimizing costs and efficiency to enhance team performance and overall success.\",\"breadcrumb\":{\"@id\":\"https:\\\/\\\/aviatica.ca\\\/sports-travel\\\/#breadcrumb\"},\"inLanguage\":\"fr-FR\",\"potentialAction\":[{\"@type\":\"ReadAction\",\"target\":[\"https:\\\/\\\/aviatica.ca\\\/sports-travel\\\/\"]}]},{\"@type\":\"ImageObject\",\"inLanguage\":\"fr-FR\",\"@id\":\"https:\\\/\\\/aviatica.ca\\\/sports-travel\\\/#primaryimage\",\"url\":\"https:\\\/\\\/aviatica.ca\\\/wp-content\\\/uploads\\\/2025\\\/10\\\/WhatsApp-Image-2025-10-13-at-23.36.03_f9550e18-e1775804757642.jpg\",\"contentUrl\":\"https:\\\/\\\/aviatica.ca\\\/wp-content\\\/uploads\\\/2025\\\/10\\\/WhatsApp-Image-2025-10-13-at-23.36.03_f9550e18-e1775804757642.jpg\"},{\"@type\":\"BreadcrumbList\",\"@id\":\"https:\\\/\\\/aviatica.ca\\\/sports-travel\\\/#breadcrumb\",\"itemListElement\":[{\"@type\":\"ListItem\",\"position\":1,\"name\":\"Home\",\"item\":\"https:\\\/\\\/aviatica.ca\\\/\"},{\"@type\":\"ListItem\",\"position\":2,\"name\":\"Sports Travel\"}]},{\"@type\":\"WebSite\",\"@id\":\"https:\\\/\\\/aviatica.ca\\\/#website\",\"url\":\"https:\\\/\\\/aviatica.ca\\\/\",\"name\":\"Aviatica Solutions\",\"description\":\"\",\"publisher\":{\"@id\":\"https:\\\/\\\/aviatica.ca\\\/#organization\"},\"potentialAction\":[{\"@type\":\"SearchAction\",\"target\":{\"@type\":\"EntryPoint\",\"urlTemplate\":\"https:\\\/\\\/aviatica.ca\\\/?s={search_term_string}\"},\"query-input\":{\"@type\":\"PropertyValueSpecification\",\"valueRequired\":true,\"valueName\":\"search_term_string\"}}],\"inLanguage\":\"fr-FR\"},{\"@type\":\"Organization\",\"@id\":\"https:\\\/\\\/aviatica.ca\\\/#organization\",\"name\":\"Aviatica Solutions\",\"url\":\"https:\\\/\\\/aviatica.ca\\\/\",\"logo\":{\"@type\":\"ImageObject\",\"inLanguage\":\"fr-FR\",\"@id\":\"https:\\\/\\\/aviatica.ca\\\/#\\\/schema\\\/logo\\\/image\\\/\",\"url\":\"https:\\\/\\\/aviatica.ca\\\/wp-content\\\/uploads\\\/2025\\\/02\\\/WhatsApp_Image_2025-10-10_at_04.05.27_3eed391f-removebg-preview.png\",\"contentUrl\":\"https:\\\/\\\/aviatica.ca\\\/wp-content\\\/uploads\\\/2025\\\/02\\\/WhatsApp_Image_2025-10-10_at_04.05.27_3eed391f-removebg-preview.png\",\"width\":500,\"height\":500,\"caption\":\"Aviatica Solutions\"},\"image\":{\"@id\":\"https:\\\/\\\/aviatica.ca\\\/#\\\/schema\\\/logo\\\/image\\\/\"}}]}<\/script>\n<!-- \/ Yoast SEO plugin. -->","yoast_head_json":{"title":"Sports Travel Management and Cost Optimization | Aviatica","description":"Aviatica Aviation offers expert sports travel management, optimizing costs and efficiency to enhance team performance and overall success.","robots":{"index":"index","follow":"follow","max-snippet":"max-snippet:-1","max-image-preview":"max-image-preview:large","max-video-preview":"max-video-preview:-1"},"canonical":"https:\/\/aviatica.ca\/fr\/sports-travel\/","og_locale":"fr_FR","og_type":"article","og_title":"Sports Travel Management and Cost Optimization | Aviatica","og_description":"Aviatica Aviation offers expert sports travel management, optimizing costs and efficiency to enhance team performance and overall success.","og_url":"https:\/\/aviatica.ca\/fr\/sports-travel\/","og_site_name":"Aviatica Solutions","article_modified_time":"2026-04-10T07:08:51+00:00","og_image":[{"url":"https:\/\/aviatica.ca\/wp-content\/uploads\/2025\/10\/WhatsApp-Image-2025-10-13-at-23.36.03_f9550e18-e1775804757642.jpg","type":"","width":"","height":""}],"twitter_card":"summary_large_image","twitter_misc":{"Dur\u00e9e de lecture estim\u00e9e":"2 minutes"},"schema":{"@context":"https:\/\/schema.org","@graph":[{"@type":"WebPage","@id":"https:\/\/aviatica.ca\/sports-travel\/","url":"https:\/\/aviatica.ca\/sports-travel\/","name":"Sports Travel Management and Cost Optimization | Aviatica","isPartOf":{"@id":"https:\/\/aviatica.ca\/#website"},"primaryImageOfPage":{"@id":"https:\/\/aviatica.ca\/sports-travel\/#primaryimage"},"image":{"@id":"https:\/\/aviatica.ca\/sports-travel\/#primaryimage"},"thumbnailUrl":"https:\/\/aviatica.ca\/wp-content\/uploads\/2025\/10\/WhatsApp-Image-2025-10-13-at-23.36.03_f9550e18-e1775804757642.jpg","datePublished":"2025-02-28T12:48:47+00:00","dateModified":"2026-04-10T07:08:51+00:00","description":"Aviatica Aviation offers expert sports travel management, optimizing costs and efficiency to enhance team performance and overall success.","breadcrumb":{"@id":"https:\/\/aviatica.ca\/sports-travel\/#breadcrumb"},"inLanguage":"fr-FR","potentialAction":[{"@type":"ReadAction","target":["https:\/\/aviatica.ca\/sports-travel\/"]}]},{"@type":"ImageObject","inLanguage":"fr-FR","@id":"https:\/\/aviatica.ca\/sports-travel\/#primaryimage","url":"https:\/\/aviatica.ca\/wp-content\/uploads\/2025\/10\/WhatsApp-Image-2025-10-13-at-23.36.03_f9550e18-e1775804757642.jpg","contentUrl":"https:\/\/aviatica.ca\/wp-content\/uploads\/2025\/10\/WhatsApp-Image-2025-10-13-at-23.36.03_f9550e18-e1775804757642.jpg"},{"@type":"BreadcrumbList","@id":"https:\/\/aviatica.ca\/sports-travel\/#breadcrumb","itemListElement":[{"@type":"ListItem","position":1,"name":"Home","item":"https:\/\/aviatica.ca\/"},{"@type":"ListItem","position":2,"name":"Sports Travel"}]},{"@type":"WebSite","@id":"https:\/\/aviatica.ca\/#website","url":"https:\/\/aviatica.ca\/","name":"Aviatica Solutions","description":"","publisher":{"@id":"https:\/\/aviatica.ca\/#organization"},"potentialAction":[{"@type":"SearchAction","target":{"@type":"EntryPoint","urlTemplate":"https:\/\/aviatica.ca\/?s={search_term_string}"},"query-input":{"@type":"PropertyValueSpecification","valueRequired":true,"valueName":"search_term_string"}}],"inLanguage":"fr-FR"},{"@type":"Organization","@id":"https:\/\/aviatica.ca\/#organization","name":"Aviatica Solutions","url":"https:\/\/aviatica.ca\/","logo":{"@type":"ImageObject","inLanguage":"fr-FR","@id":"https:\/\/aviatica.ca\/#\/schema\/logo\/image\/","url":"https:\/\/aviatica.ca\/wp-content\/uploads\/2025\/02\/WhatsApp_Image_2025-10-10_at_04.05.27_3eed391f-removebg-preview.png","contentUrl":"https:\/\/aviatica.ca\/wp-content\/uploads\/2025\/02\/WhatsApp_Image_2025-10-10_at_04.05.27_3eed391f-removebg-preview.png","width":500,"height":500,"caption":"Aviatica Solutions"},"image":{"@id":"https:\/\/aviatica.ca\/#\/schema\/logo\/image\/"}}]}},"_links":{"self":[{"href":"https:\/\/aviatica.ca\/fr\/wp-json\/wp\/v2\/pages\/368","targetHints":{"allow":["GET"]}}],"collection":[{"href":"https:\/\/aviatica.ca\/fr\/wp-json\/wp\/v2\/pages"}],"about":[{"href":"https:\/\/aviatica.ca\/fr\/wp-json\/wp\/v2\/types\/page"}],"author":[{"embeddable":true,"href":"https:\/\/aviatica.ca\/fr\/wp-json\/wp\/v2\/users\/1"}],"replies":[{"embeddable":true,"href":"https:\/\/aviatica.ca\/fr\/wp-json\/wp\/v2\/comments?post=368"}],"version-history":[{"count":24,"href":"https:\/\/aviatica.ca\/fr\/wp-json\/wp\/v2\/pages\/368\/revisions"}],"predecessor-version":[{"id":1807,"href":"https:\/\/aviatica.ca\/fr\/wp-json\/wp\/v2\/pages\/368\/revisions\/1807"}],"wp:attachment":[{"href":"https:\/\/aviatica.ca\/fr\/wp-json\/wp\/v2\/media?parent=368"}],"curies":[{"name":"wp","href":"https:\/\/api.w.org\/{rel}","templated":true}]}}