{"id":360,"date":"2025-02-28T12:44:42","date_gmt":"2025-02-28T12:44:42","guid":{"rendered":"https:\/\/aviatica.ca\/?page_id=360"},"modified":"2026-04-10T06:37:24","modified_gmt":"2026-04-10T06:37:24","slug":"leasing","status":"publish","type":"page","link":"https:\/\/aviatica.ca\/fr\/leasing\/","title":{"rendered":"Location"},"content":{"rendered":"<div data-elementor-type=\"wp-page\" data-elementor-id=\"360\" class=\"elementor elementor-360\" data-elementor-post-type=\"page\">\n\t\t\t\t<div class=\"elementor-element elementor-element-3ab40ec e-con-full e-flex e-con e-parent\" data-id=\"3ab40ec\" data-element_type=\"container\" data-e-type=\"container\" data-settings=\"{&quot;background_background&quot;:&quot;classic&quot;}\">\n\t\t\t\t<div class=\"elementor-element elementor-element-0c32659 elementor-widget__width-inherit elementor-widget elementor-widget-heading\" data-id=\"0c32659\" data-element_type=\"widget\" data-e-type=\"widget\" data-widget_type=\"heading.default\">\n\t\t\t\t<div class=\"elementor-widget-container\">\n\t\t\t\t\t<h1 class=\"elementor-heading-title elementor-size-default\">LOCATION<\/h1>\t\t\t\t<\/div>\n\t\t\t\t<\/div>\n\t\t\t\t<div class=\"elementor-element elementor-element-610e128 elementor-widget elementor-widget-hfe-breadcrumbs-widget\" data-id=\"610e128\" data-element_type=\"widget\" data-e-type=\"widget\" data-widget_type=\"hfe-breadcrumbs-widget.default\">\n\t\t\t\t<div class=\"elementor-widget-container\">\n\t\t\t\t\t<nav aria-label=\"Breadcrumb\"><ul class=\"hfe-breadcrumbs hfe-breadcrumbs-show-home\"><li class=\"hfe-breadcrumbs-item hfe-breadcrumbs-first\"><span class=\"hfe-breadcrumbs-home-icon\"><svg aria-hidden=\"true\" class=\"e-font-icon-svg e-fas-home\" viewbox=\"0 0 576 512\" xmlns=\"http:\/\/www.w3.org\/2000\/svg\"><path d=\"M280.37 148.26L96 300.11V464a16 16 0 0 0 16 16l112.06-.29a16 16 0 0 0 15.92-16V368a16 16 0 0 1 16-16h64a16 16 0 0 1 16 16v95.64a16 16 0 0 0 16 16.05L464 480a16 16 0 0 0 16-16V300L295.67 148.26a12.19 12.19 0 0 0-15.3 0zM571.6 251.47L488 182.56V44.05a12 12 0 0 0-12-12h-56a12 12 0 0 0-12 12v72.61L318.47 43a48 48 0 0 0-61 0L4.34 251.47a12 12 0 0 0-1.6 16.9l25.5 31A12 12 0 0 0 45.15 301l235.22-193.74a12.19 12.19 0 0 1 15.3 0L530.9 301a12 12 0 0 0 16.9-1.6l25.5-31a12 12 0 0 0-1.7-16.93z\"><\/path><\/svg><\/span><a href=\"https:\/\/aviatica.ca\/fr\"><span class=\"hfe-breadcrumbs-text\">Maison<\/span><\/a><\/li><\/ul><\/nav>\t\t\t\t<\/div>\n\t\t\t\t<\/div>\n\t\t\t\t<\/div>\n\t\t<div class=\"elementor-element elementor-element-8fceb03 e-flex e-con-boxed e-con e-parent\" data-id=\"8fceb03\" data-element_type=\"container\" data-e-type=\"container\">\n\t\t\t\t\t<div class=\"e-con-inner\">\n\t\t\t\t<div class=\"elementor-element elementor-element-64c433c elementor-widget__width-inherit elementor-widget elementor-widget-heading\" data-id=\"64c433c\" data-element_type=\"widget\" data-e-type=\"widget\" data-widget_type=\"heading.default\">\n\t\t\t\t<div class=\"elementor-widget-container\">\n\t\t\t\t\t<h2 class=\"elementor-heading-title elementor-size-default\">Location d'avions<\/h2>\t\t\t\t<\/div>\n\t\t\t\t<\/div>\n\t\t\t\t<div class=\"elementor-element elementor-element-782e65b elementor-widget__width-initial elementor-widget elementor-widget-heading\" data-id=\"782e65b\" data-element_type=\"widget\" data-e-type=\"widget\" data-widget_type=\"heading.default\">\n\t\t\t\t<div class=\"elementor-widget-container\">\n\t\t\t\t\t<h2 class=\"elementor-heading-title elementor-size-default\">Notre passion et notre d\u00e9vouement \u00e0 fournir un service exceptionnel sont\n\u00e9vident dans les moments o\u00f9 c\u2019est le plus n\u00e9cessaire.<\/h2>\t\t\t\t<\/div>\n\t\t\t\t<\/div>\n\t\t\t\t\t<\/div>\n\t\t\t\t<\/div>\n\t\t<div class=\"elementor-element elementor-element-165eaca e-flex e-con-boxed e-con e-parent\" data-id=\"165eaca\" data-element_type=\"container\" data-e-type=\"container\">\n\t\t\t\t\t<div class=\"e-con-inner\">\n\t\t<div class=\"elementor-element elementor-element-9259b86 e-con-full e-flex e-con e-child\" data-id=\"9259b86\" data-element_type=\"container\" data-e-type=\"container\">\n\t\t\t\t<div class=\"elementor-element elementor-element-34c61b5 elementor-widget elementor-widget-image\" data-id=\"34c61b5\" data-element_type=\"widget\" data-e-type=\"widget\" data-widget_type=\"image.default\">\n\t\t\t\t<div class=\"elementor-widget-container\">\n\t\t\t\t\t\t\t\t\t\t\t\t\t\t\t<img fetchpriority=\"high\" decoding=\"async\" width=\"683\" height=\"1024\" src=\"https:\/\/aviatica.ca\/wp-content\/uploads\/2025\/02\/scale_1200-683x1024.jpeg\" class=\"attachment-large size-large wp-image-386\" alt=\"Aviatica\" srcset=\"https:\/\/aviatica.ca\/wp-content\/uploads\/2025\/02\/scale_1200-683x1024.jpeg 683w, https:\/\/aviatica.ca\/wp-content\/uploads\/2025\/02\/scale_1200-200x300.jpeg 200w, https:\/\/aviatica.ca\/wp-content\/uploads\/2025\/02\/scale_1200-768x1152.jpeg 768w, https:\/\/aviatica.ca\/wp-content\/uploads\/2025\/02\/scale_1200.jpeg 800w\" sizes=\"(max-width: 683px) 100vw, 683px\" \/>\t\t\t\t\t\t\t\t\t\t\t\t\t\t\t<\/div>\n\t\t\t\t<\/div>\n\t\t\t\t<\/div>\n\t\t<div class=\"elementor-element elementor-element-09db391 e-con-full e-flex e-con e-child\" data-id=\"09db391\" data-element_type=\"container\" data-e-type=\"container\">\n\t\t\t\t<div class=\"elementor-element elementor-element-b9be085 elementor-icon-list--layout-traditional elementor-list-item-link-full_width elementor-widget elementor-widget-icon-list\" data-id=\"b9be085\" data-element_type=\"widget\" data-e-type=\"widget\" data-widget_type=\"icon-list.default\">\n\t\t\t\t<div class=\"elementor-widget-container\">\n\t\t\t\t\t\t\t<ul class=\"elementor-icon-list-items\">\n\t\t\t\t\t\t\t<li class=\"elementor-icon-list-item\">\n\t\t\t\t\t\t\t\t\t\t\t<span class=\"elementor-icon-list-icon\">\n\t\t\t\t\t\t\t<svg aria-hidden=\"true\" class=\"e-font-icon-svg e-far-dot-circle\" viewbox=\"0 0 512 512\" xmlns=\"http:\/\/www.w3.org\/2000\/svg\"><path d=\"M256 56c110.532 0 200 89.451 200 200 0 110.532-89.451 200-200 200-110.532 0-200-89.451-200-200 0-110.532 89.451-200 200-200m0-48C119.033 8 8 119.033 8 256s111.033 248 248 248 248-111.033 248-248S392.967 8 256 8zm0 168c-44.183 0-80 35.817-80 80s35.817 80 80 80 80-35.817 80-80-35.817-80-80-80z\"><\/path><\/svg>\t\t\t\t\t\t<\/span>\n\t\t\t\t\t\t\t\t\t\t<span class=\"elementor-icon-list-text\">Bail ACMI \u00e0 court terme<\/span>\n\t\t\t\t\t\t\t\t\t<\/li>\n\t\t\t\t\t\t<\/ul>\n\t\t\t\t\t\t<\/div>\n\t\t\t\t<\/div>\n\t\t\t\t<div class=\"elementor-element elementor-element-63fbf9d elementor-widget elementor-widget-text-editor\" data-id=\"63fbf9d\" data-element_type=\"widget\" data-e-type=\"widget\" data-widget_type=\"text-editor.default\">\n\t\t\t\t<div class=\"elementor-widget-container\">\n\t\t\t\t\t\t\t\t\t<p>L\u2019\u00e9quipe Aviatica Solutions est disponible 24 heures sur 24 pour aider les compagnies a\u00e9riennes dans leurs besoins de location ACMI (Aircraft \u2013 Crew \u2013 Maintenance \u2013 Insurance) \u00e0 court terme. Les compagnies a\u00e9riennes d'Europe, du Moyen-Orient et d'Afrique ont fait confiance \u00e0 Aviatica Solutions pour apporter des solutions \u00e0 toute demande ponctuelle et \u00e0 court terme.<\/p><p>Nous travaillons avec les plus grandes compagnies a\u00e9riennes du monde entier, avons cr\u00e9\u00e9 une vaste base de donn\u00e9es de contacts et nou\u00e9 de solides relations de travail, ce qui nous permet d'\u00eatre au courant de la disponibilit\u00e9 des avions dans le monde entier. Les compagnies a\u00e9riennes font confiance \u00e0 Aviatica Solutions pour r\u00e9soudre les probl\u00e8mes qu'elles peuvent rencontrer au sein de leur propre structure de flotte. De plus, nous commercialisons activement toute capacit\u00e9 inutilis\u00e9e dont ils pourraient disposer. Notre expertise garantit que tous les aspects des exigences des compagnies a\u00e9riennes clientes et fournisseurs sont satisfaits.<\/p>\t\t\t\t\t\t\t\t<\/div>\n\t\t\t\t<\/div>\n\t\t\t\t<div class=\"elementor-element elementor-element-60ddb68 elementor-icon-list--layout-traditional elementor-list-item-link-full_width elementor-widget elementor-widget-icon-list\" data-id=\"60ddb68\" data-element_type=\"widget\" data-e-type=\"widget\" data-widget_type=\"icon-list.default\">\n\t\t\t\t<div class=\"elementor-widget-container\">\n\t\t\t\t\t\t\t<ul class=\"elementor-icon-list-items\">\n\t\t\t\t\t\t\t<li class=\"elementor-icon-list-item\">\n\t\t\t\t\t\t\t\t\t\t\t<span class=\"elementor-icon-list-icon\">\n\t\t\t\t\t\t\t<svg aria-hidden=\"true\" class=\"e-font-icon-svg e-far-dot-circle\" viewbox=\"0 0 512 512\" xmlns=\"http:\/\/www.w3.org\/2000\/svg\"><path d=\"M256 56c110.532 0 200 89.451 200 200 0 110.532-89.451 200-200 200-110.532 0-200-89.451-200-200 0-110.532 89.451-200 200-200m0-48C119.033 8 8 119.033 8 256s111.033 248 248 248 248-111.033 248-248S392.967 8 256 8zm0 168c-44.183 0-80 35.817-80 80s35.817 80 80 80 80-35.817 80-80-35.817-80-80-80z\"><\/path><\/svg>\t\t\t\t\t\t<\/span>\n\t\t\t\t\t\t\t\t\t\t<span class=\"elementor-icon-list-text\">Bail ACMI \u00e0 long terme<\/span>\n\t\t\t\t\t\t\t\t\t<\/li>\n\t\t\t\t\t\t<\/ul>\n\t\t\t\t\t\t<\/div>\n\t\t\t\t<\/div>\n\t\t\t\t<div class=\"elementor-element elementor-element-a576888 elementor-widget elementor-widget-text-editor\" data-id=\"a576888\" data-element_type=\"widget\" data-e-type=\"widget\" data-widget_type=\"text-editor.default\">\n\t\t\t\t<div class=\"elementor-widget-container\">\n\t\t\t\t\t\t\t\t\t<p>Depuis sa cr\u00e9ation, Aviatica Solutions est un leader mondial dans l'\u00e9tablissement de contrats ACMI \u00e0 long terme pour de nombreuses compagnies a\u00e9riennes \u00e0 travers le monde. Notre connaissance incontestablement approfondie du march\u00e9, associ\u00e9e \u00e0 notre expertise et exp\u00e9rience op\u00e9rationnelles, sont la garantie de fournir des solutions ACMI optimales. Notre vaste r\u00e9seau de fournisseurs garantit qu'Aviatica Solutions est en mesure de fournir des propositions sur mesure pour toute exigence.<\/p><p>Nos clients font confiance \u00e0 Aviatica Solutions, de mani\u00e8re r\u00e9currente, car nous nous effor\u00e7ons toujours de fournir le bon avion, au juste prix. Aviatica Solutions ne transige jamais sur la qualit\u00e9 des unit\u00e9s propos\u00e9es ni sur son propre service, qu'il s'agisse de la location d'un petit turbopropulseur ou d'un avion gros-porteur long-courrier. Le m\u00eame d\u00e9vouement, la m\u00eame passion et le m\u00eame enthousiasme pour fournir un service professionnel et de qualit\u00e9 sup\u00e9rieure se retrouvent dans chaque contrat.<\/p>\t\t\t\t\t\t\t\t<\/div>\n\t\t\t\t<\/div>\n\t\t\t\t<\/div>\n\t\t\t\t\t<\/div>\n\t\t\t\t<\/div>\n\t\t\t\t<\/div>","protected":false},"excerpt":{"rendered":"<p>LEASING Home Aircraft Leasing Our passion and dedication to deliver exceptional service is evident in times when its most needed. [&hellip;]<\/p>\n","protected":false},"author":1,"featured_media":0,"parent":0,"menu_order":0,"comment_status":"closed","ping_status":"closed","template":"","meta":{"site-sidebar-layout":"no-sidebar","site-content-layout":"","ast-site-content-layout":"full-width-container","site-content-style":"default","site-sidebar-style":"default","ast-global-header-display":"","ast-banner-title-visibility":"","ast-main-header-display":"","ast-hfb-above-header-display":"","ast-hfb-below-header-display":"","ast-hfb-mobile-header-display":"","site-post-title":"disabled","ast-breadcrumbs-content":"","ast-featured-img":"disabled","footer-sml-layout":"","ast-disable-related-posts":"","theme-transparent-header-meta":"default","adv-header-id-meta":"","stick-header-meta":"","header-above-stick-meta":"","header-main-stick-meta":"","header-below-stick-meta":"","astra-migrate-meta-layouts":"set","ast-page-background-enabled":"default","ast-page-background-meta":{"desktop":{"background-color":"var(--ast-global-color-5)","background-image":"","background-repeat":"repeat","background-position":"center center","background-size":"auto","background-attachment":"scroll","background-type":"","background-media":"","overlay-type":"","overlay-color":"","overlay-opacity":"","overlay-gradient":""},"tablet":{"background-color":"","background-image":"","background-repeat":"repeat","background-position":"center center","background-size":"auto","background-attachment":"scroll","background-type":"","background-media":"","overlay-type":"","overlay-color":"","overlay-opacity":"","overlay-gradient":""},"mobile":{"background-color":"","background-image":"","background-repeat":"repeat","background-position":"center center","background-size":"auto","background-attachment":"scroll","background-type":"","background-media":"","overlay-type":"","overlay-color":"","overlay-opacity":"","overlay-gradient":""}},"ast-content-background-meta":{"desktop":{"background-color":"var(--ast-global-color-4)","background-image":"","background-repeat":"repeat","background-position":"center center","background-size":"auto","background-attachment":"scroll","background-type":"","background-media":"","overlay-type":"","overlay-color":"","overlay-opacity":"","overlay-gradient":""},"tablet":{"background-color":"var(--ast-global-color-4)","background-image":"","background-repeat":"repeat","background-position":"center center","background-size":"auto","background-attachment":"scroll","background-type":"","background-media":"","overlay-type":"","overlay-color":"","overlay-opacity":"","overlay-gradient":""},"mobile":{"background-color":"var(--ast-global-color-4)","background-image":"","background-repeat":"repeat","background-position":"center center","background-size":"auto","background-attachment":"scroll","background-type":"","background-media":"","overlay-type":"","overlay-color":"","overlay-opacity":"","overlay-gradient":""}},"footnotes":""},"class_list":["post-360","page","type-page","status-publish","hentry"],"yoast_head":"<!-- This site is optimized with the Yoast SEO plugin v27.5 - https:\/\/yoast.com\/product\/yoast-seo-wordpress\/ -->\n<title>Aircraft Leasing Offers Aircraft Leasing Service in Canada<\/title>\n<meta name=\"description\" content=\"Aviatica Solutions offers the best Aircraft Leasing service in Canada that helps airlines worldwide manage fleet challenges for aircraft solutions.\" \/>\n<meta name=\"robots\" content=\"index, follow, max-snippet:-1, max-image-preview:large, max-video-preview:-1\" \/>\n<link rel=\"canonical\" href=\"https:\/\/aviatica.ca\/fr\/leasing\/\" \/>\n<meta property=\"og:locale\" content=\"fr_FR\" \/>\n<meta property=\"og:type\" content=\"article\" \/>\n<meta property=\"og:title\" content=\"Aircraft Leasing Offers Aircraft Leasing Service in Canada\" \/>\n<meta property=\"og:description\" content=\"Aviatica Solutions offers the best Aircraft Leasing service in Canada that helps airlines worldwide manage fleet challenges for aircraft solutions.\" \/>\n<meta property=\"og:url\" content=\"https:\/\/aviatica.ca\/fr\/leasing\/\" \/>\n<meta property=\"og:site_name\" content=\"Aviatica Solutions\" \/>\n<meta property=\"article:modified_time\" content=\"2026-04-10T06:37:24+00:00\" \/>\n<meta property=\"og:image\" content=\"https:\/\/aviatica.ca\/wp-content\/uploads\/2025\/02\/scale_1200.jpeg\" \/>\n\t<meta property=\"og:image:width\" content=\"800\" \/>\n\t<meta property=\"og:image:height\" content=\"1200\" \/>\n\t<meta property=\"og:image:type\" content=\"image\/jpeg\" \/>\n<meta name=\"twitter:card\" content=\"summary_large_image\" \/>\n<meta name=\"twitter:label1\" content=\"Dur\u00e9e de lecture estim\u00e9e\" \/>\n\t<meta name=\"twitter:data1\" content=\"2 minutes\" \/>\n<script type=\"application\/ld+json\" class=\"yoast-schema-graph\">{\"@context\":\"https:\\\/\\\/schema.org\",\"@graph\":[{\"@type\":\"WebPage\",\"@id\":\"https:\\\/\\\/aviatica.ca\\\/leasing\\\/\",\"url\":\"https:\\\/\\\/aviatica.ca\\\/leasing\\\/\",\"name\":\"Aircraft Leasing Offers Aircraft Leasing Service in Canada\",\"isPartOf\":{\"@id\":\"https:\\\/\\\/aviatica.ca\\\/#website\"},\"primaryImageOfPage\":{\"@id\":\"https:\\\/\\\/aviatica.ca\\\/leasing\\\/#primaryimage\"},\"image\":{\"@id\":\"https:\\\/\\\/aviatica.ca\\\/leasing\\\/#primaryimage\"},\"thumbnailUrl\":\"https:\\\/\\\/aviatica.ca\\\/wp-content\\\/uploads\\\/2025\\\/02\\\/scale_1200-683x1024.jpeg\",\"datePublished\":\"2025-02-28T12:44:42+00:00\",\"dateModified\":\"2026-04-10T06:37:24+00:00\",\"description\":\"Aviatica Solutions offers the best Aircraft Leasing service in Canada that helps airlines worldwide manage fleet challenges for aircraft solutions.\",\"breadcrumb\":{\"@id\":\"https:\\\/\\\/aviatica.ca\\\/leasing\\\/#breadcrumb\"},\"inLanguage\":\"fr-FR\",\"potentialAction\":[{\"@type\":\"ReadAction\",\"target\":[\"https:\\\/\\\/aviatica.ca\\\/leasing\\\/\"]}]},{\"@type\":\"ImageObject\",\"inLanguage\":\"fr-FR\",\"@id\":\"https:\\\/\\\/aviatica.ca\\\/leasing\\\/#primaryimage\",\"url\":\"https:\\\/\\\/aviatica.ca\\\/wp-content\\\/uploads\\\/2025\\\/02\\\/scale_1200-683x1024.jpeg\",\"contentUrl\":\"https:\\\/\\\/aviatica.ca\\\/wp-content\\\/uploads\\\/2025\\\/02\\\/scale_1200-683x1024.jpeg\"},{\"@type\":\"BreadcrumbList\",\"@id\":\"https:\\\/\\\/aviatica.ca\\\/leasing\\\/#breadcrumb\",\"itemListElement\":[{\"@type\":\"ListItem\",\"position\":1,\"name\":\"Home\",\"item\":\"https:\\\/\\\/aviatica.ca\\\/\"},{\"@type\":\"ListItem\",\"position\":2,\"name\":\"Leasing\"}]},{\"@type\":\"WebSite\",\"@id\":\"https:\\\/\\\/aviatica.ca\\\/#website\",\"url\":\"https:\\\/\\\/aviatica.ca\\\/\",\"name\":\"Aviatica Solutions\",\"description\":\"\",\"publisher\":{\"@id\":\"https:\\\/\\\/aviatica.ca\\\/#organization\"},\"potentialAction\":[{\"@type\":\"SearchAction\",\"target\":{\"@type\":\"EntryPoint\",\"urlTemplate\":\"https:\\\/\\\/aviatica.ca\\\/?s={search_term_string}\"},\"query-input\":{\"@type\":\"PropertyValueSpecification\",\"valueRequired\":true,\"valueName\":\"search_term_string\"}}],\"inLanguage\":\"fr-FR\"},{\"@type\":\"Organization\",\"@id\":\"https:\\\/\\\/aviatica.ca\\\/#organization\",\"name\":\"Aviatica Solutions\",\"url\":\"https:\\\/\\\/aviatica.ca\\\/\",\"logo\":{\"@type\":\"ImageObject\",\"inLanguage\":\"fr-FR\",\"@id\":\"https:\\\/\\\/aviatica.ca\\\/#\\\/schema\\\/logo\\\/image\\\/\",\"url\":\"https:\\\/\\\/aviatica.ca\\\/wp-content\\\/uploads\\\/2025\\\/02\\\/WhatsApp_Image_2025-10-10_at_04.05.27_3eed391f-removebg-preview.png\",\"contentUrl\":\"https:\\\/\\\/aviatica.ca\\\/wp-content\\\/uploads\\\/2025\\\/02\\\/WhatsApp_Image_2025-10-10_at_04.05.27_3eed391f-removebg-preview.png\",\"width\":500,\"height\":500,\"caption\":\"Aviatica Solutions\"},\"image\":{\"@id\":\"https:\\\/\\\/aviatica.ca\\\/#\\\/schema\\\/logo\\\/image\\\/\"}}]}<\/script>\n<!-- \/ Yoast SEO plugin. -->","yoast_head_json":{"title":"Aircraft Leasing Offers Aircraft Leasing Service in Canada","description":"Aviatica Solutions offers the best Aircraft Leasing service in Canada that helps airlines worldwide manage fleet challenges for aircraft solutions.","robots":{"index":"index","follow":"follow","max-snippet":"max-snippet:-1","max-image-preview":"max-image-preview:large","max-video-preview":"max-video-preview:-1"},"canonical":"https:\/\/aviatica.ca\/fr\/leasing\/","og_locale":"fr_FR","og_type":"article","og_title":"Aircraft Leasing Offers Aircraft Leasing Service in Canada","og_description":"Aviatica Solutions offers the best Aircraft Leasing service in Canada that helps airlines worldwide manage fleet challenges for aircraft solutions.","og_url":"https:\/\/aviatica.ca\/fr\/leasing\/","og_site_name":"Aviatica Solutions","article_modified_time":"2026-04-10T06:37:24+00:00","og_image":[{"width":800,"height":1200,"url":"https:\/\/aviatica.ca\/wp-content\/uploads\/2025\/02\/scale_1200.jpeg","type":"image\/jpeg"}],"twitter_card":"summary_large_image","twitter_misc":{"Dur\u00e9e de lecture estim\u00e9e":"2 minutes"},"schema":{"@context":"https:\/\/schema.org","@graph":[{"@type":"WebPage","@id":"https:\/\/aviatica.ca\/leasing\/","url":"https:\/\/aviatica.ca\/leasing\/","name":"Aircraft Leasing Offers Aircraft Leasing Service in Canada","isPartOf":{"@id":"https:\/\/aviatica.ca\/#website"},"primaryImageOfPage":{"@id":"https:\/\/aviatica.ca\/leasing\/#primaryimage"},"image":{"@id":"https:\/\/aviatica.ca\/leasing\/#primaryimage"},"thumbnailUrl":"https:\/\/aviatica.ca\/wp-content\/uploads\/2025\/02\/scale_1200-683x1024.jpeg","datePublished":"2025-02-28T12:44:42+00:00","dateModified":"2026-04-10T06:37:24+00:00","description":"Aviatica Solutions offers the best Aircraft Leasing service in Canada that helps airlines worldwide manage fleet challenges for aircraft solutions.","breadcrumb":{"@id":"https:\/\/aviatica.ca\/leasing\/#breadcrumb"},"inLanguage":"fr-FR","potentialAction":[{"@type":"ReadAction","target":["https:\/\/aviatica.ca\/leasing\/"]}]},{"@type":"ImageObject","inLanguage":"fr-FR","@id":"https:\/\/aviatica.ca\/leasing\/#primaryimage","url":"https:\/\/aviatica.ca\/wp-content\/uploads\/2025\/02\/scale_1200-683x1024.jpeg","contentUrl":"https:\/\/aviatica.ca\/wp-content\/uploads\/2025\/02\/scale_1200-683x1024.jpeg"},{"@type":"BreadcrumbList","@id":"https:\/\/aviatica.ca\/leasing\/#breadcrumb","itemListElement":[{"@type":"ListItem","position":1,"name":"Home","item":"https:\/\/aviatica.ca\/"},{"@type":"ListItem","position":2,"name":"Leasing"}]},{"@type":"WebSite","@id":"https:\/\/aviatica.ca\/#website","url":"https:\/\/aviatica.ca\/","name":"Aviatica Solutions","description":"","publisher":{"@id":"https:\/\/aviatica.ca\/#organization"},"potentialAction":[{"@type":"SearchAction","target":{"@type":"EntryPoint","urlTemplate":"https:\/\/aviatica.ca\/?s={search_term_string}"},"query-input":{"@type":"PropertyValueSpecification","valueRequired":true,"valueName":"search_term_string"}}],"inLanguage":"fr-FR"},{"@type":"Organization","@id":"https:\/\/aviatica.ca\/#organization","name":"Aviatica Solutions","url":"https:\/\/aviatica.ca\/","logo":{"@type":"ImageObject","inLanguage":"fr-FR","@id":"https:\/\/aviatica.ca\/#\/schema\/logo\/image\/","url":"https:\/\/aviatica.ca\/wp-content\/uploads\/2025\/02\/WhatsApp_Image_2025-10-10_at_04.05.27_3eed391f-removebg-preview.png","contentUrl":"https:\/\/aviatica.ca\/wp-content\/uploads\/2025\/02\/WhatsApp_Image_2025-10-10_at_04.05.27_3eed391f-removebg-preview.png","width":500,"height":500,"caption":"Aviatica Solutions"},"image":{"@id":"https:\/\/aviatica.ca\/#\/schema\/logo\/image\/"}}]}},"_links":{"self":[{"href":"https:\/\/aviatica.ca\/fr\/wp-json\/wp\/v2\/pages\/360","targetHints":{"allow":["GET"]}}],"collection":[{"href":"https:\/\/aviatica.ca\/fr\/wp-json\/wp\/v2\/pages"}],"about":[{"href":"https:\/\/aviatica.ca\/fr\/wp-json\/wp\/v2\/types\/page"}],"author":[{"embeddable":true,"href":"https:\/\/aviatica.ca\/fr\/wp-json\/wp\/v2\/users\/1"}],"replies":[{"embeddable":true,"href":"https:\/\/aviatica.ca\/fr\/wp-json\/wp\/v2\/comments?post=360"}],"version-history":[{"count":51,"href":"https:\/\/aviatica.ca\/fr\/wp-json\/wp\/v2\/pages\/360\/revisions"}],"predecessor-version":[{"id":1783,"href":"https:\/\/aviatica.ca\/fr\/wp-json\/wp\/v2\/pages\/360\/revisions\/1783"}],"wp:attachment":[{"href":"https:\/\/aviatica.ca\/fr\/wp-json\/wp\/v2\/media?parent=360"}],"curies":[{"name":"wp","href":"https:\/\/api.w.org\/{rel}","templated":true}]}}